{"id":85,"date":"2022-09-07T21:42:18","date_gmt":"2022-09-07T19:42:18","guid":{"rendered":"https:\/\/www.3colli.com\/?page_id=85"},"modified":"2023-05-25T16:20:29","modified_gmt":"2023-05-25T14:20:29","slug":"sostenibilita","status":"publish","type":"page","link":"https:\/\/www.3colli.com\/en\/sostenibilita\/","title":{"rendered":"Sustainability"},"content":{"rendered":"<div class=\"wp-block-columns is-layout-flex wp-container-core-columns-is-layout-9d6595d7 wp-block-columns-is-layout-flex\">\n<div class=\"wp-block-column is-vertically-aligned-center is-layout-flow wp-block-column-is-layout-flow\" style=\"flex-basis:100%\">\n<div class=\"wp-block-group\"><div class=\"wp-block-group__inner-container is-layout-flow wp-block-group-is-layout-flow\"><ul class=\"wp-block-latest-posts__list wp-block-latest-posts\"><li><a class=\"wp-block-latest-posts__post-title\" href=\"https:\/\/www.3colli.com\/en\/bilancio-di-sostenibilita-2024\/\">Bilancio di Sostenibilit\u00e0 2024<\/a><\/li>\n<li><a class=\"wp-block-latest-posts__post-title\" href=\"https:\/\/www.3colli.com\/en\/bilancio-di-sostenibilita-2023\/\">Bilancio di Sostenibilit\u00e0 2023<\/a><\/li>\n<li><a class=\"wp-block-latest-posts__post-title\" href=\"https:\/\/www.3colli.com\/en\/bilancio-di-sostenibilita-2022\/\">Bilancio di Sostenibilit\u00e0 2022<\/a><\/li>\n<li><a class=\"wp-block-latest-posts__post-title\" href=\"https:\/\/www.3colli.com\/en\/bilancio-di-sostenibilita-2021\/\">Bilancio di Sostenibilit\u00e0 2021<\/a><\/li>\n<\/ul><\/div><\/div>\n<\/div>\n<\/div>","protected":false},"excerpt":{"rendered":"","protected":false},"author":2,"featured_media":0,"parent":0,"menu_order":0,"comment_status":"closed","ping_status":"closed","template":"","meta":{"footnotes":""},"class_list":["post-85","page","type-page","status-publish","hentry"],"yoast_head":"<!-- This site is optimized with the Yoast SEO plugin v27.4 - https:\/\/yoast.com\/product\/yoast-seo-wordpress\/ -->\r\n<title>Sostenibilit\u00e0 - Impresa Tre Colli S.p.A.<\/title>\r\n<meta name=\"description\" content=\"L&#039;impegno di Tre Colli per rendersi sempre pi\u00f9 sostenibile. Attenzione all&#039;ambiente, alla comunit\u00e0 ed alla governance. Il primo bilancio di sostenibilit\u00e0 redatto volontariamente nel 2021\" \/>\r\n<meta name=\"robots\" content=\"index, follow, max-snippet:-1, max-image-preview:large, max-video-preview:-1\" \/>\r\n<link rel=\"canonical\" href=\"https:\/\/www.3colli.com\/en\/sostenibilita\/\" \/>\r\n<meta property=\"og:locale\" content=\"en_GB\" \/>\r\n<meta property=\"og:type\" content=\"article\" \/>\r\n<meta property=\"og:title\" content=\"Sostenibilit\u00e0 - Impresa Tre Colli S.p.A.\" \/>\r\n<meta property=\"og:description\" content=\"L&#039;impegno di Tre Colli per rendersi sempre pi\u00f9 sostenibile. Attenzione all&#039;ambiente, alla comunit\u00e0 ed alla governance. Il primo bilancio di sostenibilit\u00e0 redatto volontariamente nel 2021\" \/>\r\n<meta property=\"og:url\" content=\"https:\/\/www.3colli.com\/en\/sostenibilita\/\" \/>\r\n<meta property=\"og:site_name\" content=\"Impresa Tre Colli S.p.A.\" \/>\r\n<meta property=\"article:modified_time\" content=\"2023-05-25T14:20:29+00:00\" \/>\r\n<meta name=\"twitter:card\" content=\"summary_large_image\" \/>\r\n<script type=\"application\/ld+json\" class=\"yoast-schema-graph\">{\"@context\":\"https:\\\/\\\/schema.org\",\"@graph\":[{\"@type\":\"WebPage\",\"@id\":\"https:\\\/\\\/www.3colli.com\\\/sostenibilita\\\/\",\"url\":\"https:\\\/\\\/www.3colli.com\\\/sostenibilita\\\/\",\"name\":\"Sostenibilit\u00e0 - Impresa Tre Colli S.p.A.\",\"isPartOf\":{\"@id\":\"https:\\\/\\\/www.3colli.com\\\/#website\"},\"datePublished\":\"2022-09-07T19:42:18+00:00\",\"dateModified\":\"2023-05-25T14:20:29+00:00\",\"description\":\"L'impegno di Tre Colli per rendersi sempre pi\u00f9 sostenibile. Attenzione all'ambiente, alla comunit\u00e0 ed alla governance. Il primo bilancio di sostenibilit\u00e0 redatto volontariamente nel 2021\",\"breadcrumb\":{\"@id\":\"https:\\\/\\\/www.3colli.com\\\/sostenibilita\\\/#breadcrumb\"},\"inLanguage\":\"en-GB\",\"potentialAction\":[{\"@type\":\"ReadAction\",\"target\":[\"https:\\\/\\\/www.3colli.com\\\/sostenibilita\\\/\"]}]},{\"@type\":\"BreadcrumbList\",\"@id\":\"https:\\\/\\\/www.3colli.com\\\/sostenibilita\\\/#breadcrumb\",\"itemListElement\":[{\"@type\":\"ListItem\",\"position\":1,\"name\":\"Home\",\"item\":\"https:\\\/\\\/www.3colli.com\\\/\"},{\"@type\":\"ListItem\",\"position\":2,\"name\":\"Sostenibilit\u00e0\"}]},{\"@type\":\"WebSite\",\"@id\":\"https:\\\/\\\/www.3colli.com\\\/#website\",\"url\":\"https:\\\/\\\/www.3colli.com\\\/\",\"name\":\"Impresa Tre Colli S.p.A.\",\"description\":\"Oltre 50 anni di esperienza al Vostro servizio\",\"publisher\":{\"@id\":\"https:\\\/\\\/www.3colli.com\\\/#organization\"},\"potentialAction\":[{\"@type\":\"SearchAction\",\"target\":{\"@type\":\"EntryPoint\",\"urlTemplate\":\"https:\\\/\\\/www.3colli.com\\\/?s={search_term_string}\"},\"query-input\":{\"@type\":\"PropertyValueSpecification\",\"valueRequired\":true,\"valueName\":\"search_term_string\"}}],\"inLanguage\":\"en-GB\"},{\"@type\":\"Organization\",\"@id\":\"https:\\\/\\\/www.3colli.com\\\/#organization\",\"name\":\"Impresa Tre Colli S.p.A.\",\"url\":\"https:\\\/\\\/www.3colli.com\\\/\",\"logo\":{\"@type\":\"ImageObject\",\"inLanguage\":\"en-GB\",\"@id\":\"https:\\\/\\\/www.3colli.com\\\/#\\\/schema\\\/logo\\\/image\\\/\",\"url\":\"https:\\\/\\\/www.3colli.com\\\/wp-content\\\/uploads\\\/2022\\\/09\\\/cropped-Logo_Trasparente-1.png\",\"contentUrl\":\"https:\\\/\\\/www.3colli.com\\\/wp-content\\\/uploads\\\/2022\\\/09\\\/cropped-Logo_Trasparente-1.png\",\"width\":5906,\"height\":2953,\"caption\":\"Impresa Tre Colli S.p.A.\"},\"image\":{\"@id\":\"https:\\\/\\\/www.3colli.com\\\/#\\\/schema\\\/logo\\\/image\\\/\"},\"sameAs\":[\"https:\\\/\\\/www.linkedin.com\\\/company\\\/impresa-tre-colli-s-p-a\"]}]}<\/script>\r\n<!-- \/ Yoast SEO plugin. -->","yoast_head_json":{"title":"Sostenibilit\u00e0 - Impresa Tre Colli S.p.A.","description":"L'impegno di Tre Colli per rendersi sempre pi\u00f9 sostenibile. Attenzione all'ambiente, alla comunit\u00e0 ed alla governance. Il primo bilancio di sostenibilit\u00e0 redatto volontariamente nel 2021","robots":{"index":"index","follow":"follow","max-snippet":"max-snippet:-1","max-image-preview":"max-image-preview:large","max-video-preview":"max-video-preview:-1"},"canonical":"https:\/\/www.3colli.com\/en\/sostenibilita\/","og_locale":"en_GB","og_type":"article","og_title":"Sostenibilit\u00e0 - Impresa Tre Colli S.p.A.","og_description":"L'impegno di Tre Colli per rendersi sempre pi\u00f9 sostenibile. Attenzione all'ambiente, alla comunit\u00e0 ed alla governance. Il primo bilancio di sostenibilit\u00e0 redatto volontariamente nel 2021","og_url":"https:\/\/www.3colli.com\/en\/sostenibilita\/","og_site_name":"Impresa Tre Colli S.p.A.","article_modified_time":"2023-05-25T14:20:29+00:00","twitter_card":"summary_large_image","schema":{"@context":"https:\/\/schema.org","@graph":[{"@type":"WebPage","@id":"https:\/\/www.3colli.com\/sostenibilita\/","url":"https:\/\/www.3colli.com\/sostenibilita\/","name":"Sostenibilit\u00e0 - Impresa Tre Colli S.p.A.","isPartOf":{"@id":"https:\/\/www.3colli.com\/#website"},"datePublished":"2022-09-07T19:42:18+00:00","dateModified":"2023-05-25T14:20:29+00:00","description":"L'impegno di Tre Colli per rendersi sempre pi\u00f9 sostenibile. Attenzione all'ambiente, alla comunit\u00e0 ed alla governance. Il primo bilancio di sostenibilit\u00e0 redatto volontariamente nel 2021","breadcrumb":{"@id":"https:\/\/www.3colli.com\/sostenibilita\/#breadcrumb"},"inLanguage":"en-GB","potentialAction":[{"@type":"ReadAction","target":["https:\/\/www.3colli.com\/sostenibilita\/"]}]},{"@type":"BreadcrumbList","@id":"https:\/\/www.3colli.com\/sostenibilita\/#breadcrumb","itemListElement":[{"@type":"ListItem","position":1,"name":"Home","item":"https:\/\/www.3colli.com\/"},{"@type":"ListItem","position":2,"name":"Sostenibilit\u00e0"}]},{"@type":"WebSite","@id":"https:\/\/www.3colli.com\/#website","url":"https:\/\/www.3colli.com\/","name":"Impresa Tre Colli S.p.A.","description":"Oltre 50 anni di esperienza al Vostro servizio","publisher":{"@id":"https:\/\/www.3colli.com\/#organization"},"potentialAction":[{"@type":"SearchAction","target":{"@type":"EntryPoint","urlTemplate":"https:\/\/www.3colli.com\/?s={search_term_string}"},"query-input":{"@type":"PropertyValueSpecification","valueRequired":true,"valueName":"search_term_string"}}],"inLanguage":"en-GB"},{"@type":"Organization","@id":"https:\/\/www.3colli.com\/#organization","name":"Impresa Tre Colli S.p.A.","url":"https:\/\/www.3colli.com\/","logo":{"@type":"ImageObject","inLanguage":"en-GB","@id":"https:\/\/www.3colli.com\/#\/schema\/logo\/image\/","url":"https:\/\/www.3colli.com\/wp-content\/uploads\/2022\/09\/cropped-Logo_Trasparente-1.png","contentUrl":"https:\/\/www.3colli.com\/wp-content\/uploads\/2022\/09\/cropped-Logo_Trasparente-1.png","width":5906,"height":2953,"caption":"Impresa Tre Colli S.p.A."},"image":{"@id":"https:\/\/www.3colli.com\/#\/schema\/logo\/image\/"},"sameAs":["https:\/\/www.linkedin.com\/company\/impresa-tre-colli-s-p-a"]}]}},"_links":{"self":[{"href":"https:\/\/www.3colli.com\/en\/wp-json\/wp\/v2\/pages\/85","targetHints":{"allow":["GET"]}}],"collection":[{"href":"https:\/\/www.3colli.com\/en\/wp-json\/wp\/v2\/pages"}],"about":[{"href":"https:\/\/www.3colli.com\/en\/wp-json\/wp\/v2\/types\/page"}],"author":[{"embeddable":true,"href":"https:\/\/www.3colli.com\/en\/wp-json\/wp\/v2\/users\/2"}],"replies":[{"embeddable":true,"href":"https:\/\/www.3colli.com\/en\/wp-json\/wp\/v2\/comments?post=85"}],"version-history":[{"count":7,"href":"https:\/\/www.3colli.com\/en\/wp-json\/wp\/v2\/pages\/85\/revisions"}],"predecessor-version":[{"id":498,"href":"https:\/\/www.3colli.com\/en\/wp-json\/wp\/v2\/pages\/85\/revisions\/498"}],"wp:attachment":[{"href":"https:\/\/www.3colli.com\/en\/wp-json\/wp\/v2\/media?parent=85"}],"curies":[{"name":"wp","href":"https:\/\/api.w.org\/{rel}","templated":true}]}}