{"id":590,"date":"2024-05-29T09:36:31","date_gmt":"2024-05-29T07:36:31","guid":{"rendered":"https:\/\/www.3colli.com\/?page_id=590"},"modified":"2024-05-29T09:41:18","modified_gmt":"2024-05-29T07:41:18","slug":"privacy-cookie-policy","status":"publish","type":"page","link":"https:\/\/www.3colli.com\/en\/privacy-cookie-policy\/","title":{"rendered":"Privacy &amp; Cookie Policy"},"content":{"rendered":"<h1 class=\"wp-block-heading\">&nbsp;<\/h1>\n\n\n\n<p><strong>INFORMAZIONI SUL TRATTAMENTO DEI DATI PERSONALI DEGLI UTENTI PER IL SITO WEB https:\/\/www.3colli.com\/<\/strong><\/p>\n\n\n\n<p><strong>1 &#8211; TITOLARE DEL TRATTAMENTO<\/strong><\/p>\n\n\n\n<p>Il titolare del trattamento \u00e8 IMPRESA TRE COLLI S.P.A. -Via Sandro Pertini, 17 43036 FIDENZA (PR) &#8211; P.Iva 00166640342 raggiungibile al numero 0524 524300 oppure tramite mail all\u2019indirizzo privacy@impresatrecolli.com di seguito anche solo \u201cTitolare\u201d)<\/p>\n\n\n\n<p>Ai sensi del Regolamento (UE) 2016\/679 (di seguito &#8220;Regolamento&#8221;), il presente documento descrive le modalit\u00e0 di trattamento dei dati personali degli utenti che consultano il\/i sito\/i web del Titolare accessibili per via telematica al\/i seguente\/i indirizzo\/i:<\/p>\n\n\n\n<p><strong>www.3colli.com<\/strong><\/p>\n\n\n\n<p>Le presenti informazioni si riferiscono solo al dominio\/i del Titolare del Trattamento e non anche ad eventuali altri siti, pagine e similari raggiungibili tramite link ipertestuali eventualmente pubblicati.<\/p>\n\n\n\n<p><strong>2 &#8211; TIPOLOGIA DI DATI TRATTATI E FINALIT\u00c0 DEL TRATTAMENTO<\/strong><\/p>\n\n\n\n<p><strong>&nbsp;&#8211; Dati di Navigazione<\/strong><br>I sistemi informatici e le procedure software preposte al funzionamento di questo sito web acquisiscono, nel corso del loro normale esercizio, alcuni dati personali la cui trasmissione \u00e8 implicita nell&#8217;uso dei protocolli di comunicazione di Internet. In questa categoria di dati rientrano gli indirizzi IP o i nomi a dominio dei computer utilizzati dagli utenti che si connettono al sito, gli indirizzi in notazione URI (Uniform Resource Identifier) delle risorse richieste, l&#8217;orario della richiesta, il metodo utilizzato nel sottoporre la richiesta al server, la dimensione del file ottenuto in risposta, il codice numerico indicante lo stato della risposta data dal server (buon fine, errore, ecc.) ed altri parametri relativi al sistema operativo e all&#8217;ambiente informatico dell&#8217;utente. <strong><\/strong><\/p>\n\n\n\n<p><strong>&#8211; Finalit\u00e0 del Trattamento <\/strong><strong><\/strong><\/p>\n\n\n\n<figure class=\"wp-block-table\"><table><tbody><tr><td><strong>Verifica corretto funzionamento sito web produzione di statistiche aggregate ed anonime sugli utenti<\/strong>: Questi dati vengono utilizzati al solo fine di ricavare informazioni statistiche anonime sull&#8217;uso del sito e per controllarne il corretto funzionamento.<\/td><\/tr><tr><td><strong>Difesa in giudizio<\/strong>: I dati dell\u2019Utente possono essere utilizzati per la difesa da parte del Titolare in giudizio o nelle fasi propedeutiche alla sua eventuale instaurazione, da abusi nell&#8217;utilizzo del sito web o dei servizi connessi da parte dell\u2019Utente. I dati potrebbero essere utilizzati per l&#8217;accertamento di responsabilit\u00e0 in caso di ipotetici reati informatici ai danni del sito.<\/td><\/tr><tr><td><strong>Manutenzione<\/strong> <strong>dei sistemi<\/strong><\/td><\/tr><\/tbody><\/table><\/figure>\n\n\n\n<p><strong>Dati forniti volontariamente dall&#8217;utente<\/strong><br>L&#8217;invio facoltativo, esplicito e volontario di posta elettronica agli indirizzi indicati su questo, comporta la successiva acquisizione dell&#8217;indirizzo del mittente, necessario per rispondere alle richieste, nonch\u00e9 degli eventuali altri dati personali inseriti. Informative&nbsp;specifiche saranno presentate nelle pagine del Sito in relazione a particolari servizi o trattamenti dei Dati forniti dall\u2019Utente o dall\u2019Interessato.<\/p>\n\n\n\n<p><strong>Cookie ed altri identificatori tecnici utilizzati<\/strong><\/p>\n\n\n\n<p>I Cookie del presente sito web sono utilizzati al solo fine di \u201ceffettuare la trasmissione di una comunicazione su una rete di comunicazione elettronica, o nella misura strettamente necessaria al fornitore di un servizio della societ\u00e0 dell&#8217;informazione esplicitamente richiesto dal contraente o dall&#8217;utente a erogare tale servizio\u201d (cfr. art. 122, comma 1 del Codice).<\/p>\n\n\n\n<p>Non viene fatto uso di cookie per la profilazione degli utenti. L\u2019unico trattamento effettuato riguarda la produzione di statistiche, con dati pseudonimizzati, sulla navigazione nel\/i sito\/i indicati al <strong>paragrafo 1<\/strong>.<\/p>\n\n\n\n<p><strong>Modalit\u00e0 del trattamento \u2013 Conservazione<\/strong><br>Il trattamento sar\u00e0 svolto in forma automatizzata e manuale, con modalit\u00e0 e strumenti volti a garantire la massima sicurezza e riservatezza, ad opera di soggetti di ci\u00f2 appositamente autorizzati.<\/p>\n\n\n\n<p><strong>Tempi di conservazione<br><\/strong>I dati saranno conservati per un periodo non superiore agli scopi per i quali i dati sono stati raccolti e successivamente trattati.<\/p>\n\n\n\n<p><strong>Ambito di comunicazione e diffusione<\/strong><br>I dati, oggetto del trattamento, non saranno diffusi venduti o scambiati con soggetti terzi senza il consenso espresso dall\u2019interessato. I dati potranno essere comunicati a terzi appartenenti alle seguenti categorie:<\/p>\n\n\n\n<ul class=\"wp-block-list\">\n<li>&#8211; soggetti che forniscono servizi per la gestione del sistema informativo<\/li>\n\n\n\n<li>&#8211; studi o societ\u00e0 nell&#8217;ambito di rapporti di assistenza e consulenza;<\/li>\n\n\n\n<li>&#8211; autorit\u00e0 competenti per adempimenti di obblighi di leggi e\/o di disposizioni di organi pubblici, su richiesta.<\/li>\n\n\n\n<li>&#8211; provider esterno;&nbsp;<\/li>\n\n\n\n<li>&#8211; societ\u00e0 che effettuano la manutenzione ordinaria e straordinaria del sito web<br>I suoi dati non saranno comunque diffusi&nbsp;<br><br><\/li>\n\n\n\n<li><strong>Trasferimento dei dati all\u2019estero<\/strong><br>I dati personali dell\u2019interessato non saranno trasmessi verso Paesi terzi. Nel caso si dovesse in futuro trasferire dati personali verso paesi terzi o organizzazioni internazionali, verranno rispettate tutte le disposizioni del capo V (Regolamento UE 2016\/679) al fine di assicurare un livello di protezione adeguato.<br><br><\/li>\n\n\n\n<li><strong>Diritti dell\u2019interessato<\/strong><br>L\u2019interessato ha facolt\u00e0 di chiedere al titolare del trattamento l\u2019accesso ai dati personali, la rettifica o la cancellazione degli stessi o la limitazione del trattamento o di opporsi al loro trattamento. L\u2019interessato ha altres\u00ec il diritto di richiedere specifica completa dei diritti scrivendo all\u2019indirizzo del Titolare.<br><br><\/li>\n\n\n\n<li><strong>Diritto di reclamo autorit\u00e0 di controllo<\/strong><br>Se ritiene che il trattamento che lo riguarda violi la sua dignit\u00e0 ha il diritto di proporre reclamo all\u2019Autorit\u00e0 di Controllo pertinente.<\/li>\n<\/ul>\n\n\n\n<p><strong>COOKIE POLICY<\/strong><\/p>\n\n\n\n<p>I cookie sono stringhe di testo di piccole dimensioni conservate nel computer dell\u2019utente, quando si visitano determinate pagine su internet. Gli applicativi software utilizzati possono contenere la tecnologia \u201ccookie\u201d. I cookie hanno principalmente la funzione di agevolare la navigazione da parte dell\u2019utente. I cookie potranno fornire informazioni sulla navigazione all\u2019interno del Sito e permettere il funzionamento di alcuni servizi che richiedono l\u2019identificazione del percorso dell\u2019utente attraverso diverse pagine del Sito. Per qualsiasi accesso al portale indipendentemente dalla presenza di un cookie, vengono registrati il tipo di browser il sistema operativo (es. Microsoft, Apple, Android, Linux, ecc\u2026), l\u2019Host e l\u2019URL di provenienza del visitatore, oltre ai dati sulla pagina richiesta. L\u2019utente ha comunque modo di impostare il proprio browser in modo da essere informato quando ricevete un cookie e decidere in questo modo di eliminarlo. Ulteriori informazioni sui cookie sono reperibili sui siti web dei fornitori di browser.<\/p>\n\n\n\n<p><strong>Tipi di cookie utilizzati<br><\/strong>Nessun dato personale degli utenti viene di proposito acquisito dal sito.<br>Non viene fatto uso di cookies per la trasmissione di informazioni di carattere personale, n\u00e9 vengono utilizzati c.d. cookies persistenti di alcun tipo, ovvero sistemi per il tracciamento degli utenti.<br>L\u2019uso di c.d. cookies di sessione (che non vengono memorizzati in modo persistente sul computer dell\u2019utente e svaniscono con la chiusura del browser) \u00e8 strettamente limitato alla trasmissione di identificativi di sessione (costituiti da numeri casuali generati dal server) necessari per consentire l\u2019esplorazione sicura ed efficiente del sito. I c.d. cookies di sessione utilizzati in questo sito evitano il ricorso ad altre tecniche informatiche potenzialmente pregiudizievoli per la riservatezza della navigazione degli utenti e non consentono l\u2019acquisizione di dati personali identificativi dell\u2019utente. A parte quanto specificato per i \u201cdati di navigazione\u201d (per i \u201ccookies\u201d), il conferimento dei dati da parte dell&#8217;utente \u00e8 del tutto facoltativo. Il loro mancato conferimento pu\u00f2 comportare solo l&#8217;impossibilit\u00e0 per l&#8217;utente stesso di ottenere quanto richiesto.<\/p>\n\n\n\n<p><strong>Altri link<\/strong><\/p>\n\n\n\n<p>Per fornire un miglior servizio all\u2019utente, questo Sito pu\u00f2 contenere rinvii ad altri siti web (&#8220;Links&#8221;). Il Titolare declina ogni responsabilit\u00e0 in ordine ai contenuti ed ai materiali accessibili presso tal siti o comunque ottenibili per loro tramite. Qualsiasi informazione inerente i siti richiamati dai link dovranno essere rivolti unicamente agli amministratori dei siti in questione.<\/p>\n\n\n\n<h2 class=\"wp-block-heading\">&nbsp;<\/h2>\n\n\n\n<h2 class=\"wp-block-heading\">Modifiche all&#8217;informativa sull&#8217;uso dei cookie<\/h2>\n\n\n\n<p>Affinch\u00e9 sia sempre aggiornata, l&#8217;informativa sull&#8217;uso dei cookie viene periodicamente rivisitata. L&#8217;ultimo aggiornamento alla presente informativa sull&#8217;uso dei cookie risale al&nbsp; 29 maggio 2024<\/p>","protected":false},"excerpt":{"rendered":"<p>&nbsp; INFORMAZIONI SUL TRATTAMENTO DEI DATI PERSONALI DEGLI UTENTI PER IL SITO WEB https:\/\/www.3colli.com\/ 1 &#8211; TITOLARE DEL TRATTAMENTO Il titolare del trattamento \u00e8 IMPRESA &hellip;<\/p>","protected":false},"author":2,"featured_media":0,"parent":0,"menu_order":0,"comment_status":"closed","ping_status":"closed","template":"","meta":{"footnotes":""},"class_list":["post-590","page","type-page","status-publish","hentry"],"yoast_head":"<!-- This site is optimized with the Yoast SEO plugin v27.5 - https:\/\/yoast.com\/product\/yoast-seo-wordpress\/ -->\r\n<title>Privacy &amp; Cookie Policy - Impresa Tre Colli S.p.A.<\/title>\r\n<meta name=\"robots\" content=\"index, follow, max-snippet:-1, max-image-preview:large, max-video-preview:-1\" \/>\r\n<link rel=\"canonical\" href=\"https:\/\/www.3colli.com\/en\/privacy-cookie-policy\/\" \/>\r\n<meta property=\"og:locale\" content=\"en_GB\" \/>\r\n<meta property=\"og:type\" content=\"article\" \/>\r\n<meta property=\"og:title\" content=\"Privacy &amp; Cookie Policy - Impresa Tre Colli S.p.A.\" \/>\r\n<meta property=\"og:description\" content=\"&nbsp; INFORMAZIONI SUL TRATTAMENTO DEI DATI PERSONALI DEGLI UTENTI PER IL SITO WEB https:\/\/www.3colli.com\/ 1 &#8211; TITOLARE DEL TRATTAMENTO Il titolare del trattamento \u00e8 IMPRESA &hellip;\" \/>\r\n<meta property=\"og:url\" content=\"https:\/\/www.3colli.com\/en\/privacy-cookie-policy\/\" \/>\r\n<meta property=\"og:site_name\" content=\"Impresa Tre Colli S.p.A.\" \/>\r\n<meta property=\"article:modified_time\" content=\"2024-05-29T07:41:18+00:00\" \/>\r\n<meta name=\"twitter:card\" content=\"summary_large_image\" \/>\r\n<meta name=\"twitter:label1\" content=\"Estimated reading time\" \/>\n\t<meta name=\"twitter:data1\" content=\"7 minutes\" \/>\r\n<script type=\"application\/ld+json\" class=\"yoast-schema-graph\">{\"@context\":\"https:\\\/\\\/schema.org\",\"@graph\":[{\"@type\":\"WebPage\",\"@id\":\"https:\\\/\\\/www.3colli.com\\\/privacy-cookie-policy\\\/\",\"url\":\"https:\\\/\\\/www.3colli.com\\\/privacy-cookie-policy\\\/\",\"name\":\"Privacy &amp; Cookie Policy - Impresa Tre Colli S.p.A.\",\"isPartOf\":{\"@id\":\"https:\\\/\\\/www.3colli.com\\\/#website\"},\"datePublished\":\"2024-05-29T07:36:31+00:00\",\"dateModified\":\"2024-05-29T07:41:18+00:00\",\"breadcrumb\":{\"@id\":\"https:\\\/\\\/www.3colli.com\\\/privacy-cookie-policy\\\/#breadcrumb\"},\"inLanguage\":\"en-GB\",\"potentialAction\":[{\"@type\":\"ReadAction\",\"target\":[\"https:\\\/\\\/www.3colli.com\\\/privacy-cookie-policy\\\/\"]}]},{\"@type\":\"BreadcrumbList\",\"@id\":\"https:\\\/\\\/www.3colli.com\\\/privacy-cookie-policy\\\/#breadcrumb\",\"itemListElement\":[{\"@type\":\"ListItem\",\"position\":1,\"name\":\"Home\",\"item\":\"https:\\\/\\\/www.3colli.com\\\/\"},{\"@type\":\"ListItem\",\"position\":2,\"name\":\"Privacy &amp; Cookie Policy\"}]},{\"@type\":\"WebSite\",\"@id\":\"https:\\\/\\\/www.3colli.com\\\/#website\",\"url\":\"https:\\\/\\\/www.3colli.com\\\/\",\"name\":\"Impresa Tre Colli S.p.A.\",\"description\":\"Oltre 50 anni di esperienza al Vostro servizio\",\"publisher\":{\"@id\":\"https:\\\/\\\/www.3colli.com\\\/#organization\"},\"potentialAction\":[{\"@type\":\"SearchAction\",\"target\":{\"@type\":\"EntryPoint\",\"urlTemplate\":\"https:\\\/\\\/www.3colli.com\\\/?s={search_term_string}\"},\"query-input\":{\"@type\":\"PropertyValueSpecification\",\"valueRequired\":true,\"valueName\":\"search_term_string\"}}],\"inLanguage\":\"en-GB\"},{\"@type\":\"Organization\",\"@id\":\"https:\\\/\\\/www.3colli.com\\\/#organization\",\"name\":\"Impresa Tre Colli S.p.A.\",\"url\":\"https:\\\/\\\/www.3colli.com\\\/\",\"logo\":{\"@type\":\"ImageObject\",\"inLanguage\":\"en-GB\",\"@id\":\"https:\\\/\\\/www.3colli.com\\\/#\\\/schema\\\/logo\\\/image\\\/\",\"url\":\"https:\\\/\\\/www.3colli.com\\\/wp-content\\\/uploads\\\/2022\\\/09\\\/cropped-Logo_Trasparente-1.png\",\"contentUrl\":\"https:\\\/\\\/www.3colli.com\\\/wp-content\\\/uploads\\\/2022\\\/09\\\/cropped-Logo_Trasparente-1.png\",\"width\":5906,\"height\":2953,\"caption\":\"Impresa Tre Colli S.p.A.\"},\"image\":{\"@id\":\"https:\\\/\\\/www.3colli.com\\\/#\\\/schema\\\/logo\\\/image\\\/\"},\"sameAs\":[\"https:\\\/\\\/www.linkedin.com\\\/company\\\/impresa-tre-colli-s-p-a\"]}]}<\/script>\r\n<!-- \/ Yoast SEO plugin. -->","yoast_head_json":{"title":"Privacy &amp; Cookie Policy - Impresa Tre Colli S.p.A.","robots":{"index":"index","follow":"follow","max-snippet":"max-snippet:-1","max-image-preview":"max-image-preview:large","max-video-preview":"max-video-preview:-1"},"canonical":"https:\/\/www.3colli.com\/en\/privacy-cookie-policy\/","og_locale":"en_GB","og_type":"article","og_title":"Privacy &amp; Cookie Policy - Impresa Tre Colli S.p.A.","og_description":"&nbsp; INFORMAZIONI SUL TRATTAMENTO DEI DATI PERSONALI DEGLI UTENTI PER IL SITO WEB https:\/\/www.3colli.com\/ 1 &#8211; TITOLARE DEL TRATTAMENTO Il titolare del trattamento \u00e8 IMPRESA &hellip;","og_url":"https:\/\/www.3colli.com\/en\/privacy-cookie-policy\/","og_site_name":"Impresa Tre Colli S.p.A.","article_modified_time":"2024-05-29T07:41:18+00:00","twitter_card":"summary_large_image","twitter_misc":{"Estimated reading time":"7 minutes"},"schema":{"@context":"https:\/\/schema.org","@graph":[{"@type":"WebPage","@id":"https:\/\/www.3colli.com\/privacy-cookie-policy\/","url":"https:\/\/www.3colli.com\/privacy-cookie-policy\/","name":"Privacy &amp; Cookie Policy - Impresa Tre Colli S.p.A.","isPartOf":{"@id":"https:\/\/www.3colli.com\/#website"},"datePublished":"2024-05-29T07:36:31+00:00","dateModified":"2024-05-29T07:41:18+00:00","breadcrumb":{"@id":"https:\/\/www.3colli.com\/privacy-cookie-policy\/#breadcrumb"},"inLanguage":"en-GB","potentialAction":[{"@type":"ReadAction","target":["https:\/\/www.3colli.com\/privacy-cookie-policy\/"]}]},{"@type":"BreadcrumbList","@id":"https:\/\/www.3colli.com\/privacy-cookie-policy\/#breadcrumb","itemListElement":[{"@type":"ListItem","position":1,"name":"Home","item":"https:\/\/www.3colli.com\/"},{"@type":"ListItem","position":2,"name":"Privacy &amp; Cookie Policy"}]},{"@type":"WebSite","@id":"https:\/\/www.3colli.com\/#website","url":"https:\/\/www.3colli.com\/","name":"Impresa Tre Colli S.p.A.","description":"Oltre 50 anni di esperienza al Vostro servizio","publisher":{"@id":"https:\/\/www.3colli.com\/#organization"},"potentialAction":[{"@type":"SearchAction","target":{"@type":"EntryPoint","urlTemplate":"https:\/\/www.3colli.com\/?s={search_term_string}"},"query-input":{"@type":"PropertyValueSpecification","valueRequired":true,"valueName":"search_term_string"}}],"inLanguage":"en-GB"},{"@type":"Organization","@id":"https:\/\/www.3colli.com\/#organization","name":"Impresa Tre Colli S.p.A.","url":"https:\/\/www.3colli.com\/","logo":{"@type":"ImageObject","inLanguage":"en-GB","@id":"https:\/\/www.3colli.com\/#\/schema\/logo\/image\/","url":"https:\/\/www.3colli.com\/wp-content\/uploads\/2022\/09\/cropped-Logo_Trasparente-1.png","contentUrl":"https:\/\/www.3colli.com\/wp-content\/uploads\/2022\/09\/cropped-Logo_Trasparente-1.png","width":5906,"height":2953,"caption":"Impresa Tre Colli S.p.A."},"image":{"@id":"https:\/\/www.3colli.com\/#\/schema\/logo\/image\/"},"sameAs":["https:\/\/www.linkedin.com\/company\/impresa-tre-colli-s-p-a"]}]}},"_links":{"self":[{"href":"https:\/\/www.3colli.com\/en\/wp-json\/wp\/v2\/pages\/590","targetHints":{"allow":["GET"]}}],"collection":[{"href":"https:\/\/www.3colli.com\/en\/wp-json\/wp\/v2\/pages"}],"about":[{"href":"https:\/\/www.3colli.com\/en\/wp-json\/wp\/v2\/types\/page"}],"author":[{"embeddable":true,"href":"https:\/\/www.3colli.com\/en\/wp-json\/wp\/v2\/users\/2"}],"replies":[{"embeddable":true,"href":"https:\/\/www.3colli.com\/en\/wp-json\/wp\/v2\/comments?post=590"}],"version-history":[{"count":2,"href":"https:\/\/www.3colli.com\/en\/wp-json\/wp\/v2\/pages\/590\/revisions"}],"predecessor-version":[{"id":593,"href":"https:\/\/www.3colli.com\/en\/wp-json\/wp\/v2\/pages\/590\/revisions\/593"}],"wp:attachment":[{"href":"https:\/\/www.3colli.com\/en\/wp-json\/wp\/v2\/media?parent=590"}],"curies":[{"name":"wp","href":"https:\/\/api.w.org\/{rel}","templated":true}]}}