{"id":56,"date":"2022-09-07T21:32:39","date_gmt":"2022-09-07T19:32:39","guid":{"rendered":"https:\/\/www.3colli.com\/?page_id=56"},"modified":"2024-05-24T08:45:38","modified_gmt":"2024-05-24T06:45:38","slug":"lavora-con-noi","status":"publish","type":"page","link":"https:\/\/www.3colli.com\/en\/lavora-con-noi\/","title":{"rendered":"Work with us"},"content":{"rendered":"<ul class=\"wp-block-latest-posts__list wp-block-latest-posts\"><li><a class=\"wp-block-latest-posts__post-title\" href=\"https:\/\/www.3colli.com\/en\/informativa-sul-trattamento-dei-dati-personali-dei-candidati\/\">INFORMATIVA SUL TRATTAMENTO DEI DATI PERSONALI DEI CANDIDATI<\/a><\/li>\n<\/ul>\n\n\n<hr class=\"wp-block-separator has-alpha-channel-opacity\"\/>\n\n\n<ul class=\"wp-block-latest-posts__list wp-block-latest-posts\"><li><a class=\"wp-block-latest-posts__post-title\" href=\"https:\/\/www.3colli.com\/en\/ricerca-personale-specifico-lacchiarella-mi\/\">ELETTRONICO \/ ELETTROTECNICO<\/a><div class=\"wp-block-latest-posts__post-full-content\"><!-- wp:paragraph -->\n<p>Ricerchiamo per le nostre sedi di Carrosio (AL) e Lacchiarella (MI) due figure tecniche con esperienza pluriennale.<\/p>\n<!-- \/wp:paragraph -->\n\n<!-- wp:paragraph -->\n<p>REQUISITI:<\/p>\n<!-- \/wp:paragraph -->\n\n<!-- wp:list -->\n<ul class=\"wp-block-list\"><!-- wp:list-item -->\n<li>Diploma di Perito elettronico\/elettrotecnico;<\/li>\n<!-- \/wp:list-item -->\n\n<!-- wp:list-item -->\n<li>Predisposizione a pianificare ed organizzare le proprie attivit\u00e0;<\/li>\n<!-- \/wp:list-item -->\n\n<!-- wp:list-item -->\n<li>Capacit\u00e0 di manutenzione e montaggio di impianti elettrici e strumentali in siti industriali;<\/li>\n<!-- \/wp:list-item -->\n\n<!-- wp:list-item -->\n<li>Spiccata capacit\u00e0 di ricerca e riparazione guasti;<\/li>\n<!-- \/wp:list-item -->\n\n<!-- wp:list-item -->\n<li>Seriet\u00e0 e riservatezza, uniti a buone doti relazionali.<\/li>\n<!-- \/wp:list-item --><\/ul>\n<!-- \/wp:list -->\n\n<!-- wp:paragraph -->\n<p>NICE TO HAVE<\/p>\n<!-- \/wp:paragraph -->\n\n<!-- wp:list -->\n<ul class=\"wp-block-list\"><!-- wp:list-item -->\n<li>Conoscenza degli ambienti con rischio esplosione (ATEX).<\/li>\n<!-- \/wp:list-item --><\/ul>\n<!-- \/wp:list -->\n\n<!-- wp:paragraph -->\n<p>DETTAGLI OFFERTA<\/p>\n<!-- \/wp:paragraph -->\n\n<!-- wp:list -->\n<ul class=\"wp-block-list\"><!-- wp:list-item -->\n<li>A tempo pieno;<\/li>\n<!-- \/wp:list-item -->\n\n<!-- wp:list-item -->\n<li>Contratto di riferimento: CCNL per i dipendenti delle imprese edili ed affini;<\/li>\n<!-- \/wp:list-item -->\n\n<!-- wp:list-item -->\n<li>Livello da definire sulla base delle esperienze e delle capacit\u00e0.<\/li>\n<!-- \/wp:list-item --><\/ul>\n<!-- \/wp:list -->\n\n<!-- wp:paragraph -->\n<p>Il presente annuncio \u00e8 rivolto ad entrambi i sessi, ai sensi delle leggi 903\/77 e 125\/91, ed a persone di tutte le et\u00e0 e di tutte le nazionalit\u00e0, ai sensi dei decreti legislativi 215\/03 e 216\/03.<\/p>\n<!-- \/wp:paragraph -->\n\n<!-- wp:paragraph -->\n<p>Inviare il CV all\u2019indirizzo\u00a0<a href=\"mailto:CV@3colli.com\">CV@3colli.com<\/a>\u00a0con l\u2019autorizzazione al trattamento dei dati personali secondo il d.Lgs. 196\/03 ed il Regolamento UE n. 679\/2016.<\/p>\n<!-- \/wp:paragraph --><\/div><\/li>\n<li><a class=\"wp-block-latest-posts__post-title\" href=\"https:\/\/www.3colli.com\/en\/assistente-tecnico\/\">ASSISTENTE TECNICO<\/a><div class=\"wp-block-latest-posts__post-full-content\"><!-- wp:paragraph -->\n<p>Ricerchiamo per la nostra sede di Carrosio (AL) una figura tecnica, anche di prima esperienza, da introdurre in un percorso formativo per l\u2019esecuzione delle seguenti mansioni principali:<\/p>\n<!-- \/wp:paragraph -->\n\n<!-- wp:list -->\n<ul class=\"wp-block-list\"><!-- wp:list-item -->\n<li>Assistenza tecnica ed operativa ai cantieri di manutenzione condotte per trasporto fluidi, situati prevalentemente in Piemonte e Liguria;<\/li>\n<!-- \/wp:list-item -->\n\n<!-- wp:list-item -->\n<li>Redazione della reportistica e contabilit\u00e0 lavori<\/li>\n<!-- \/wp:list-item --><\/ul>\n<!-- \/wp:list -->\n\n<!-- wp:paragraph -->\n<p>Si richiede:<\/p>\n<!-- \/wp:paragraph -->\n\n<!-- wp:list -->\n<ul class=\"wp-block-list\"><!-- wp:list-item -->\n<li>Diploma di scuola media superiore e\/o laurea in indirizzi tecnici;<\/li>\n<!-- \/wp:list-item -->\n\n<!-- wp:list-item -->\n<li>Predisposizione a pianificare ed organizzare le proprie attivit\u00e0;<\/li>\n<!-- \/wp:list-item -->\n\n<!-- wp:list-item -->\n<li>Predisposizione a lavorare in squadra, in un ambiente dinamico e multiculturale;<\/li>\n<!-- \/wp:list-item -->\n\n<!-- wp:list-item -->\n<li>Padronanza di Microsoft Office, conoscenza dei sistemi operativi Windows e dei pacchetti Office;<\/li>\n<!-- \/wp:list-item -->\n\n<!-- wp:list-item -->\n<li>Patente di guida B;<\/li>\n<!-- \/wp:list-item -->\n\n<!-- wp:list-item -->\n<li>Attitudine ed attenzione verso le stringenti politiche aziendali di sicurezza sul lavoro ed ambientali;<\/li>\n<!-- \/wp:list-item -->\n\n<!-- wp:list-item -->\n<li>Seriet\u00e0 e riservatezza, uniti a buone doti relazionali.<\/li>\n<!-- \/wp:list-item --><\/ul>\n<!-- \/wp:list -->\n\n<!-- wp:paragraph -->\n<p>DETTAGLI OFFERTA<\/p>\n<!-- \/wp:paragraph -->\n\n<!-- wp:list -->\n<ul class=\"wp-block-list\"><!-- wp:list-item -->\n<li>A tempo pieno dal luned\u00ec al venerd\u00ec;<\/li>\n<!-- \/wp:list-item -->\n\n<!-- wp:list-item -->\n<li>Contratto di riferimento: CCNL per i dipendenti delle imprese edili ed affini;<\/li>\n<!-- \/wp:list-item -->\n\n<!-- wp:list-item -->\n<li>Livello da definire sulla base delle esperienze e delle capacit\u00e0;<\/li>\n<!-- \/wp:list-item -->\n\n<!-- wp:list-item -->\n<li>\u00c8 previsto un piano di inserimento e formativo per la posizione richiesta con seria e comprovata possibilit\u00e0 di crescita professionale;<\/li>\n<!-- \/wp:list-item -->\n\n<!-- wp:list-item -->\n<li>Il contesto operativo in cui la risorsa dovr\u00e0 operare, non prevede la possibilit\u00e0 di lavoro in remoto.<\/li>\n<!-- \/wp:list-item --><\/ul>\n<!-- \/wp:list -->\n\n<!-- wp:paragraph -->\n<p>Il presente annuncio \u00e8 rivolto ad entrambi i sessi, ai sensi delle leggi 903\/77 e 125\/91, ed a persone di tutte le et\u00e0 e di tutte le nazionalit\u00e0, ai sensi dei decreti legislativi 215\/03 e 216\/03.<\/p>\n<!-- \/wp:paragraph -->\n\n<!-- wp:paragraph -->\n<p>Inviare il CV all\u2019indirizzo <a href=\"mailto:CV@3colli.com\">CV@3colli.com<\/a> con l\u2019autorizzazione al trattamento dei dati personali secondo il d.Lgs. 196\/03 ed il Regolamento UE n. 679\/2016.<\/p>\n<!-- \/wp:paragraph --><\/div><\/li>\n<li><a class=\"wp-block-latest-posts__post-title\" href=\"https:\/\/www.3colli.com\/en\/geometri-assistenti-cantieri\/\">GEOMETRI ASSISTENTI CANTIERI<\/a><div class=\"wp-block-latest-posts__post-full-content\"><!-- wp:paragraph -->\n<p>Siamo alla ricerca di geometri assistenti ai lavori nei cantieri ubicati nel Nord Italia.<\/p>\n<!-- \/wp:paragraph -->\n\n<!-- wp:paragraph -->\n<p>Durata e tipologia di contratto da definire con la direzione aziendale<\/p>\n<!-- \/wp:paragraph --><\/div><\/li>\n<li><a class=\"wp-block-latest-posts__post-title\" href=\"https:\/\/www.3colli.com\/en\/ricerca-personale-specifico-provincia-di-livorno\/\">RICERCA PERSONALE SPECIFICO &#8211; PROVINCIA DI LIVORNO<\/a><div class=\"wp-block-latest-posts__post-full-content\"><!-- wp:paragraph -->\n<p>Siamo alla ricerca di manutentori meccanici ed elettrostrumentali per condotte ed impianti gas.<\/p>\n<!-- \/wp:paragraph -->\n\n<!-- wp:paragraph -->\n<p>Durata e tipologia del contratto: da definire con la direzione aziendale.<\/p>\n<!-- \/wp:paragraph -->\n\n<!-- wp:paragraph -->\n<p>Sede di lavoro: provincia di Livorno.<\/p>\n<!-- \/wp:paragraph -->\n\n<!-- wp:paragraph -->\n<p>Le ricerche sono rivolte a candidati dell&#8217;uno e dell&#8217;altro sesso.<\/p>\n<!-- \/wp:paragraph --><\/div><\/li>\n<li><a class=\"wp-block-latest-posts__post-title\" href=\"https:\/\/www.3colli.com\/en\/ricerca-personale-specifico-carrosio-al\/\">RICERCA PERSONALE SPECIFICO &#8211;\u00a0CARROSIO (AL)<\/a><div class=\"wp-block-latest-posts__post-full-content\"><!-- wp:paragraph -->\n<p>Siamo alla ricerca di:<\/p>\n<!-- \/wp:paragraph -->\n\n<!-- wp:list -->\n<ul><!-- wp:list-item -->\n<li>Ingegneri, sia civili sia meccanici, architetti, anche neolaureati da inserire nei nostri cantieri;<\/li>\n<!-- \/wp:list-item -->\n\n<!-- wp:list-item -->\n<li>A.S.P.P. (Addetto Sicurezza Prevenzione e Protezione) da inserire nei nostri cantieri;<\/li>\n<!-- \/wp:list-item -->\n\n<!-- wp:list-item -->\n<li>Laureati in economia e commercio, economia aziendale, anche neolaureati.<\/li>\n<!-- \/wp:list-item --><\/ul>\n<!-- \/wp:list -->\n\n<!-- wp:paragraph -->\n<p>Durata e tipologia del contratto: da definire con direzione aziendale.<\/p>\n<!-- \/wp:paragraph -->\n\n<!-- wp:paragraph -->\n<p>Orario Full Time: con possibile flessibilit\u00e0.<\/p>\n<!-- \/wp:paragraph -->\n\n<!-- wp:paragraph -->\n<p>Sede di Lavoro: Carrosio (AL)<\/p>\n<!-- \/wp:paragraph -->\n\n<!-- wp:paragraph -->\n<p>Le ricerche sono rivolte a candidati dell&#8217;uno e dell&#8217;altro sesso.<\/p>\n<!-- \/wp:paragraph --><\/div><\/li>\n<li><a class=\"wp-block-latest-posts__post-title\" href=\"https:\/\/www.3colli.com\/en\/ricerca-personale-specifico-la-spezia\/\">RICERCA PERSONALE SPECIFICO &#8211;\u00a0LA SPEZIA<\/a><div class=\"wp-block-latest-posts__post-full-content\"><!-- wp:paragraph -->\n<p>Siamo alla ricerca di un addetto da inserire nel nostro organico. Il candidato ideale \u00e8 in possesso di diploma di perito elettronico-elettrotecnico ha maturato una esperienza pluriennale \u00a0nella manutenzione e nei montaggi di impianti elettrici e strumentali \u00a0in ambienti con rischio di esplosione, ha una spiccata capacit\u00e0 nella ricerca guasti e nelle operazioni manutentive, \u00e8 richiesta una buona conoscenza delle normative ATEX. Si richiede seriet\u00e0 e competenza. Disponibilit\u00e0 a operare al di\u00a0 fuori del normale orario di lavoro.<\/p>\n<!-- \/wp:paragraph -->\n\n<!-- wp:paragraph -->\n<p>Inoltre siamo alla ricerca di:<\/p>\n<!-- \/wp:paragraph -->\n\n<!-- wp:list -->\n<ul><!-- wp:list-item -->\n<li>manovali edili con pregressa esperienza<\/li>\n<!-- \/wp:list-item -->\n\n<!-- wp:list-item -->\n<li>saldatori\/tubisti che siano disposti ad eseguire anche lavori di carpenteria meccanica<\/li>\n<!-- \/wp:list-item -->\n\n<!-- wp:list-item -->\n<li>operatori mezzi (autogru, muletto, escavatore, etc.)<\/li>\n<!-- \/wp:list-item --><\/ul>\n<!-- \/wp:list -->\n\n<!-- wp:paragraph -->\n<p>Durata e tipologia del contratto: da definire con direzione aziendale.<\/p>\n<!-- \/wp:paragraph -->\n\n<!-- wp:paragraph -->\n<p>Orario Full Time: con possibile flessibilit\u00e0.<\/p>\n<!-- \/wp:paragraph -->\n\n<!-- wp:paragraph -->\n<p>Sede di Lavoro: La Spezia.<\/p>\n<!-- \/wp:paragraph -->\n\n<!-- wp:paragraph -->\n<p>Le ricerche sono rivolte a candidati dell&#8217;uno e dell&#8217;altro sesso.<\/p>\n<!-- \/wp:paragraph --><\/div><\/li>\n<\/ul>\n\n\n<div style=\"height:100px\" aria-hidden=\"true\" class=\"wp-block-spacer\"><\/div>\n\n\n\n<div class=\"forminator-ui forminator-custom-form forminator-custom-form-541 forminator-design--default  forminator_ajax\" data-forminator-render=\"0\" data-form=\"forminator-module-541\" data-uid=\"69eb8cb4c6832\"><br\/><\/div><form\n\t\t\t\tid=\"forminator-module-541\"\n\t\t\t\tclass=\"forminator-ui forminator-custom-form forminator-custom-form-541 forminator-design--default  forminator_ajax\"\n\t\t\t\tmethod=\"post\"\n\t\t\t\tdata-forminator-render=\"0\"\n\t\t\t\tdata-form-id=\"541\"\n\t\t\t\t\n\t\t\t\tdata-design=\"default\"\n\t\t\t\t\n\t\t\t\t\n\t\t\t\t\n\t\t\t\tdata-grid=\"open\"\n\t\t\t\tenctype=\"multipart\/form-data\"\n\t\t\t\t\n\t\t\t\tstyle=\"display: none;\"\n\t\t\t\t\n\t\t\t\tdata-uid=\"69eb8cb4c6832\" action=\"\"\n\t\t\t><div role=\"alert\" aria-live=\"polite\" class=\"forminator-response-message forminator-error\" aria-hidden=\"true\"><\/div><div class=\"forminator-row\"><div id=\"name-2\" class=\"forminator-field-name forminator-col forminator-col-6\"><div class=\"forminator-field\"><label for=\"forminator-field-name-2_69eb8cb4c6832\" class=\"forminator-label\" id=\"forminator-field-name-2_69eb8cb4c6832-label\">Cognome <span class=\"forminator-required\">*<\/span><\/label><input type=\"text\" name=\"name-2\" value=\"\" placeholder=\"\" id=\"forminator-field-name-2_69eb8cb4c6832\" class=\"forminator-input forminator-name--field\" aria-required=\"true\" \/><\/div><\/div><div id=\"name-1\" class=\"forminator-field-name forminator-col forminator-col-6\"><div class=\"forminator-field\"><label for=\"forminator-field-name-1_69eb8cb4c6832\" class=\"forminator-label\" id=\"forminator-field-name-1_69eb8cb4c6832-label\">Nome <span class=\"forminator-required\">*<\/span><\/label><input type=\"text\" name=\"name-1\" value=\"\" placeholder=\"\" id=\"forminator-field-name-1_69eb8cb4c6832\" class=\"forminator-input forminator-name--field\" aria-required=\"true\" \/><\/div><\/div><\/div><div class=\"forminator-row\"><div id=\"email-1\" class=\"forminator-field-email forminator-col forminator-col-12\"><div class=\"forminator-field\"><label for=\"forminator-field-email-1_69eb8cb4c6832\" class=\"forminator-label\" id=\"forminator-field-email-1_69eb8cb4c6832-label\">E-mail <span class=\"forminator-required\">*<\/span><\/label><input type=\"email\" name=\"email-1\" value=\"\" placeholder=\"\" id=\"forminator-field-email-1_69eb8cb4c6832\" class=\"forminator-input forminator-email--field\" data-required=\"true\" aria-required=\"true\" \/><\/div><\/div><\/div><div class=\"forminator-row\"><div id=\"phone-1\" class=\"forminator-field-phone forminator-col forminator-col-12\"><div class=\"forminator-field\"><label for=\"forminator-field-phone-1_69eb8cb4c6832\" class=\"forminator-label\" id=\"forminator-field-phone-1_69eb8cb4c6832-label\">Telefono<\/label><input type=\"text\" name=\"phone-1\" value=\"\" placeholder=\"\" id=\"forminator-field-phone-1_69eb8cb4c6832\" class=\"forminator-input forminator-field--phone\" data-required=\"\" aria-required=\"false\" autocomplete=\"off\" \/><\/div><\/div><\/div><div class=\"forminator-row\"><div id=\"text-1\" class=\"forminator-field-text forminator-col forminator-col-12\"><div class=\"forminator-field\"><label for=\"forminator-field-text-1_69eb8cb4c6832\" class=\"forminator-label\" id=\"forminator-field-text-1_69eb8cb4c6832-label\">Residenza<\/label><input type=\"text\" name=\"text-1\" value=\"\" placeholder=\"\" id=\"forminator-field-text-1_69eb8cb4c6832\" class=\"forminator-input forminator-name--field\" data-required=\"\" \/><\/div><\/div><\/div><div class=\"forminator-row\"><div id=\"upload-1\" class=\"forminator-field-upload forminator-col forminator-col-12\"><div class=\"forminator-field\"><label for=\"forminator-field-upload-1_69eb8cb4c6832\" class=\"forminator-label\">Curriculum vitae (solo PDF max 3MB) <span class=\"forminator-required\">*<\/span><\/label><div class=\"forminator-file-upload\" data-element=\"upload-1_69eb8cb4c6832\" aria-describedby=\"forminator-field-upload-1_69eb8cb4c6832-description\"><input type=\"file\" name=\"upload-1\" id=\"forminator-field-upload-1_69eb8cb4c6832\" class=\"forminator-input-file-required do-validate\" accept=\".webp,.css,.htm,.html,.dfxp,.js,.pdf\"><button id=\"forminator-field-upload-1_69eb8cb4c6832_button\" class=\"forminator-button forminator-button-upload\" data-id=\"forminator-field-upload-1_69eb8cb4c6832\">Choose File<\/button><span data-empty-text=\"No file chosen\">No file chosen<\/span><button class=\"forminator-button-delete\" style=\"display: none;\"><i class=\"forminator-icon-close\" aria-hidden=\"true\"><\/i><span class=\"forminator-screen-reader-only\">Delete uploaded file<\/span><\/button><\/div><\/div><\/div><\/div><input type=\"hidden\" name=\"referer_url\" value=\"\" \/><div class=\"forminator-row forminator-row-last\"><div class=\"forminator-col\"><div class=\"forminator-field\"><button class=\"forminator-button forminator-button-submit\">Invia<\/button><\/div><\/div><\/div><input type=\"hidden\" id=\"forminator_nonce\" name=\"forminator_nonce\" value=\"9e1545ff16\" \/><input type=\"hidden\" name=\"_wp_http_referer\" value=\"\/en\/wp-json\/wp\/v2\/pages\/56\" \/><input type=\"hidden\" name=\"form_id\" value=\"541\"><input type=\"hidden\" name=\"page_id\" value=\"56\"><input type=\"hidden\" name=\"form_type\" value=\"default\"><input type=\"hidden\" name=\"current_url\" value=\"https:\/\/www.3colli.com\/en\/lavora-con-noi\/\"><input type=\"hidden\" name=\"render_id\" value=\"0\"><input type=\"hidden\" name=\"action\" value=\"forminator_submit_form_custom-forms\"><input type=\"hidden\" name=\"trp-form-language\" value=\"en\"\/><\/form>","protected":false},"excerpt":{"rendered":"","protected":false},"author":2,"featured_media":0,"parent":0,"menu_order":0,"comment_status":"closed","ping_status":"closed","template":"","meta":{"footnotes":""},"class_list":["post-56","page","type-page","status-publish","hentry"],"yoast_head":"<!-- This site is optimized with the Yoast SEO plugin v27.4 - https:\/\/yoast.com\/product\/yoast-seo-wordpress\/ -->\r\n<title>Lavora con noi - Impresa Tre Colli S.p.A.<\/title>\r\n<meta name=\"robots\" content=\"index, follow, max-snippet:-1, max-image-preview:large, max-video-preview:-1\" \/>\r\n<link rel=\"canonical\" href=\"https:\/\/www.3colli.com\/en\/lavora-con-noi\/\" \/>\r\n<meta property=\"og:locale\" content=\"en_GB\" \/>\r\n<meta property=\"og:type\" content=\"article\" \/>\r\n<meta property=\"og:title\" content=\"Lavora con noi - Impresa Tre Colli S.p.A.\" \/>\r\n<meta property=\"og:url\" content=\"https:\/\/www.3colli.com\/en\/lavora-con-noi\/\" \/>\r\n<meta property=\"og:site_name\" content=\"Impresa Tre Colli S.p.A.\" \/>\r\n<meta property=\"article:modified_time\" content=\"2024-05-24T06:45:38+00:00\" \/>\r\n<meta name=\"twitter:card\" content=\"summary_large_image\" \/>\r\n<meta name=\"twitter:label1\" content=\"Estimated reading time\" \/>\n\t<meta name=\"twitter:data1\" content=\"1 minute\" \/>\r\n<script type=\"application\/ld+json\" class=\"yoast-schema-graph\">{\"@context\":\"https:\\\/\\\/schema.org\",\"@graph\":[{\"@type\":\"WebPage\",\"@id\":\"https:\\\/\\\/www.3colli.com\\\/lavora-con-noi\\\/\",\"url\":\"https:\\\/\\\/www.3colli.com\\\/lavora-con-noi\\\/\",\"name\":\"Lavora con noi - Impresa Tre Colli S.p.A.\",\"isPartOf\":{\"@id\":\"https:\\\/\\\/www.3colli.com\\\/#website\"},\"datePublished\":\"2022-09-07T19:32:39+00:00\",\"dateModified\":\"2024-05-24T06:45:38+00:00\",\"breadcrumb\":{\"@id\":\"https:\\\/\\\/www.3colli.com\\\/lavora-con-noi\\\/#breadcrumb\"},\"inLanguage\":\"en-GB\",\"potentialAction\":[{\"@type\":\"ReadAction\",\"target\":[\"https:\\\/\\\/www.3colli.com\\\/lavora-con-noi\\\/\"]}]},{\"@type\":\"BreadcrumbList\",\"@id\":\"https:\\\/\\\/www.3colli.com\\\/lavora-con-noi\\\/#breadcrumb\",\"itemListElement\":[{\"@type\":\"ListItem\",\"position\":1,\"name\":\"Home\",\"item\":\"https:\\\/\\\/www.3colli.com\\\/\"},{\"@type\":\"ListItem\",\"position\":2,\"name\":\"Lavora con noi\"}]},{\"@type\":\"WebSite\",\"@id\":\"https:\\\/\\\/www.3colli.com\\\/#website\",\"url\":\"https:\\\/\\\/www.3colli.com\\\/\",\"name\":\"Impresa Tre Colli S.p.A.\",\"description\":\"Oltre 50 anni di esperienza al Vostro servizio\",\"publisher\":{\"@id\":\"https:\\\/\\\/www.3colli.com\\\/#organization\"},\"potentialAction\":[{\"@type\":\"SearchAction\",\"target\":{\"@type\":\"EntryPoint\",\"urlTemplate\":\"https:\\\/\\\/www.3colli.com\\\/?s={search_term_string}\"},\"query-input\":{\"@type\":\"PropertyValueSpecification\",\"valueRequired\":true,\"valueName\":\"search_term_string\"}}],\"inLanguage\":\"en-GB\"},{\"@type\":\"Organization\",\"@id\":\"https:\\\/\\\/www.3colli.com\\\/#organization\",\"name\":\"Impresa Tre Colli S.p.A.\",\"url\":\"https:\\\/\\\/www.3colli.com\\\/\",\"logo\":{\"@type\":\"ImageObject\",\"inLanguage\":\"en-GB\",\"@id\":\"https:\\\/\\\/www.3colli.com\\\/#\\\/schema\\\/logo\\\/image\\\/\",\"url\":\"https:\\\/\\\/www.3colli.com\\\/wp-content\\\/uploads\\\/2022\\\/09\\\/cropped-Logo_Trasparente-1.png\",\"contentUrl\":\"https:\\\/\\\/www.3colli.com\\\/wp-content\\\/uploads\\\/2022\\\/09\\\/cropped-Logo_Trasparente-1.png\",\"width\":5906,\"height\":2953,\"caption\":\"Impresa Tre Colli S.p.A.\"},\"image\":{\"@id\":\"https:\\\/\\\/www.3colli.com\\\/#\\\/schema\\\/logo\\\/image\\\/\"},\"sameAs\":[\"https:\\\/\\\/www.linkedin.com\\\/company\\\/impresa-tre-colli-s-p-a\"]}]}<\/script>\r\n<!-- \/ Yoast SEO plugin. -->","yoast_head_json":{"title":"Lavora con noi - Impresa Tre Colli S.p.A.","robots":{"index":"index","follow":"follow","max-snippet":"max-snippet:-1","max-image-preview":"max-image-preview:large","max-video-preview":"max-video-preview:-1"},"canonical":"https:\/\/www.3colli.com\/en\/lavora-con-noi\/","og_locale":"en_GB","og_type":"article","og_title":"Lavora con noi - Impresa Tre Colli S.p.A.","og_url":"https:\/\/www.3colli.com\/en\/lavora-con-noi\/","og_site_name":"Impresa Tre Colli S.p.A.","article_modified_time":"2024-05-24T06:45:38+00:00","twitter_card":"summary_large_image","twitter_misc":{"Estimated reading time":"1 minute"},"schema":{"@context":"https:\/\/schema.org","@graph":[{"@type":"WebPage","@id":"https:\/\/www.3colli.com\/lavora-con-noi\/","url":"https:\/\/www.3colli.com\/lavora-con-noi\/","name":"Lavora con noi - Impresa Tre Colli S.p.A.","isPartOf":{"@id":"https:\/\/www.3colli.com\/#website"},"datePublished":"2022-09-07T19:32:39+00:00","dateModified":"2024-05-24T06:45:38+00:00","breadcrumb":{"@id":"https:\/\/www.3colli.com\/lavora-con-noi\/#breadcrumb"},"inLanguage":"en-GB","potentialAction":[{"@type":"ReadAction","target":["https:\/\/www.3colli.com\/lavora-con-noi\/"]}]},{"@type":"BreadcrumbList","@id":"https:\/\/www.3colli.com\/lavora-con-noi\/#breadcrumb","itemListElement":[{"@type":"ListItem","position":1,"name":"Home","item":"https:\/\/www.3colli.com\/"},{"@type":"ListItem","position":2,"name":"Lavora con noi"}]},{"@type":"WebSite","@id":"https:\/\/www.3colli.com\/#website","url":"https:\/\/www.3colli.com\/","name":"Impresa Tre Colli S.p.A.","description":"Oltre 50 anni di esperienza al Vostro servizio","publisher":{"@id":"https:\/\/www.3colli.com\/#organization"},"potentialAction":[{"@type":"SearchAction","target":{"@type":"EntryPoint","urlTemplate":"https:\/\/www.3colli.com\/?s={search_term_string}"},"query-input":{"@type":"PropertyValueSpecification","valueRequired":true,"valueName":"search_term_string"}}],"inLanguage":"en-GB"},{"@type":"Organization","@id":"https:\/\/www.3colli.com\/#organization","name":"Impresa Tre Colli S.p.A.","url":"https:\/\/www.3colli.com\/","logo":{"@type":"ImageObject","inLanguage":"en-GB","@id":"https:\/\/www.3colli.com\/#\/schema\/logo\/image\/","url":"https:\/\/www.3colli.com\/wp-content\/uploads\/2022\/09\/cropped-Logo_Trasparente-1.png","contentUrl":"https:\/\/www.3colli.com\/wp-content\/uploads\/2022\/09\/cropped-Logo_Trasparente-1.png","width":5906,"height":2953,"caption":"Impresa Tre Colli S.p.A."},"image":{"@id":"https:\/\/www.3colli.com\/#\/schema\/logo\/image\/"},"sameAs":["https:\/\/www.linkedin.com\/company\/impresa-tre-colli-s-p-a"]}]}},"_links":{"self":[{"href":"https:\/\/www.3colli.com\/en\/wp-json\/wp\/v2\/pages\/56","targetHints":{"allow":["GET"]}}],"collection":[{"href":"https:\/\/www.3colli.com\/en\/wp-json\/wp\/v2\/pages"}],"about":[{"href":"https:\/\/www.3colli.com\/en\/wp-json\/wp\/v2\/types\/page"}],"author":[{"embeddable":true,"href":"https:\/\/www.3colli.com\/en\/wp-json\/wp\/v2\/users\/2"}],"replies":[{"embeddable":true,"href":"https:\/\/www.3colli.com\/en\/wp-json\/wp\/v2\/comments?post=56"}],"version-history":[{"count":24,"href":"https:\/\/www.3colli.com\/en\/wp-json\/wp\/v2\/pages\/56\/revisions"}],"predecessor-version":[{"id":571,"href":"https:\/\/www.3colli.com\/en\/wp-json\/wp\/v2\/pages\/56\/revisions\/571"}],"wp:attachment":[{"href":"https:\/\/www.3colli.com\/en\/wp-json\/wp\/v2\/media?parent=56"}],"curies":[{"name":"wp","href":"https:\/\/api.w.org\/{rel}","templated":true}]}}