{"id":3,"date":"2022-09-07T06:43:28","date_gmt":"2022-09-07T04:43:28","guid":{"rendered":"https:\/\/www.3colli.com\/?page_id=3"},"modified":"2022-11-02T17:48:18","modified_gmt":"2022-11-02T16:48:18","slug":"privacy-policy","status":"publish","type":"page","link":"https:\/\/www.3colli.com\/en\/privacy-policy\/","title":{"rendered":"Privacy Policy"},"content":{"rendered":"<p>Titolare del trattamento \u00e8&nbsp;<strong>Impresa Tre Colli S.p.A.,<\/strong>&nbsp;P.Iva: 00166640342 . L\u2019utente del sito potr\u00e0 esercitare i diritti di cui all\u2019art.7 (accesso, correzione, cancellazione, opposizione al trattamento, ecc.), rivolgendosi direttamente a&nbsp;<strong>Impresa Tre Colli S.p.A.<\/strong><\/p>\n\n\n\n<p><strong>Raccolta e utilizzo dei dati<\/strong><br>Il corretto funzionamento del sito web richiede l\u2019acquisizione di alcuni dati personali la cui trasmissione \u00e8 implicita nell\u2019uso dei protocolli di comunicazione Internet. Le informazioni raccolte non identificano l\u2019utente in maniera diretta, ma potrebbero portare all\u2019identificazione mediante elaborazioni ed associazioni con dati detenuti da terzi. In questa categoria di dati rientrano gli indirizzi IP o i nomi a dominio dei computer utilizzati dagli utenti, l\u2019orario della richiesta, la metodologia utilizzata nel sottoporre la richiesta al server ed altri parametri relativi al sistema operativo e all\u2019ambiente informatico dell\u2019utente. Questi dati vengono protetti e sono utilizzati esclusivamente per controllare il corretto funzionamento del sito. I dati potrebbero essere utilizzati per l\u2019accertamento di responsabilit\u00e0 in caso di attacco informatico od altre ipotesi di reato ai danni del sito.<\/p>\n\n\n\n<p><strong>Condivisione e comunicazione dei dati personali<\/strong><br>I dati raccolti dal titolare del trattamento, potranno essere trasferiti o comunicati a societ\u00e0 controllate o collegate per attivit\u00e0 strettamente connesse e strumentali all\u2019operativit\u00e0 del servizio, o per trattamenti effettuati dai destinatari in qualit\u00e0 di autonomi titolari. Al di fuori di questi casi, i dati non sono comunicati, n\u00e9 concessi ad alcuno, salvo previsione contrattuale o autorizzazione degli interessati.<\/p>\n\n\n\n<p><strong>Modifiche alle politiche sulla privacy<\/strong><br><strong>Impresa Tre Colli S.p.A.<\/strong>&nbsp;verifica periodicamente le proprie politiche relative alla privacy e alla sicurezza e, se necessario, le rivede in relazione alle modifiche normative, organizzative o dettate dall\u2019evoluzione tecnologica. In caso di modifica delle politiche, la nuova versione sar\u00e0 pubblicata in questa pagina del sito.<\/p>\n\n\n\n<p><strong>Domande, reclami e suggerimenti<\/strong><br>Chiunque fosse interessato a maggiori informazioni, a contribuire con propri suggerimenti o avanzare reclami o contestazioni in merito alle politiche privacy della societ\u00e0 o sul modo in cui\u00a0<strong>Impresa Tre Colli S.p.A.<\/strong>\u00a0tratta i dati personali, pu\u00f2 effettuarlo scrivendo al seguente indirizzo e-mail: info@3colli.com <\/p>","protected":false},"excerpt":{"rendered":"<p>Titolare del trattamento \u00e8&nbsp;Impresa Tre Colli S.p.A.,&nbsp;P.Iva: 00166640342 . L\u2019utente del sito potr\u00e0 esercitare i diritti di cui all\u2019art.7 (accesso, correzione, cancellazione, opposizione al trattamento, &hellip;<\/p>","protected":false},"author":1,"featured_media":0,"parent":0,"menu_order":0,"comment_status":"closed","ping_status":"closed","template":"","meta":{"footnotes":""},"class_list":["post-3","page","type-page","status-publish","hentry"],"yoast_head":"<!-- This site is optimized with the Yoast SEO plugin v27.4 - https:\/\/yoast.com\/product\/yoast-seo-wordpress\/ -->\r\n<title>Privacy Policy - Impresa Tre Colli S.p.A.<\/title>\r\n<meta name=\"robots\" content=\"index, follow, max-snippet:-1, max-image-preview:large, max-video-preview:-1\" \/>\r\n<link rel=\"canonical\" href=\"https:\/\/www.3colli.com\/en\/privacy-policy\/\" \/>\r\n<meta property=\"og:locale\" content=\"en_GB\" \/>\r\n<meta property=\"og:type\" content=\"article\" \/>\r\n<meta property=\"og:title\" content=\"Privacy Policy - Impresa Tre Colli S.p.A.\" \/>\r\n<meta property=\"og:description\" content=\"Titolare del trattamento \u00e8&nbsp;Impresa Tre Colli S.p.A.,&nbsp;P.Iva: 00166640342 . L\u2019utente del sito potr\u00e0 esercitare i diritti di cui all\u2019art.7 (accesso, correzione, cancellazione, opposizione al trattamento, &hellip;\" \/>\r\n<meta property=\"og:url\" content=\"https:\/\/www.3colli.com\/en\/privacy-policy\/\" \/>\r\n<meta property=\"og:site_name\" content=\"Impresa Tre Colli S.p.A.\" \/>\r\n<meta property=\"article:modified_time\" content=\"2022-11-02T16:48:18+00:00\" \/>\r\n<meta name=\"twitter:card\" content=\"summary_large_image\" \/>\r\n<meta name=\"twitter:label1\" content=\"Estimated reading time\" \/>\n\t<meta name=\"twitter:data1\" content=\"2 minutes\" \/>\r\n<script type=\"application\/ld+json\" class=\"yoast-schema-graph\">{\"@context\":\"https:\\\/\\\/schema.org\",\"@graph\":[{\"@type\":\"WebPage\",\"@id\":\"https:\\\/\\\/www.3colli.com\\\/privacy-policy\\\/\",\"url\":\"https:\\\/\\\/www.3colli.com\\\/privacy-policy\\\/\",\"name\":\"Privacy Policy - Impresa Tre Colli S.p.A.\",\"isPartOf\":{\"@id\":\"https:\\\/\\\/www.3colli.com\\\/#website\"},\"datePublished\":\"2022-09-07T04:43:28+00:00\",\"dateModified\":\"2022-11-02T16:48:18+00:00\",\"breadcrumb\":{\"@id\":\"https:\\\/\\\/www.3colli.com\\\/privacy-policy\\\/#breadcrumb\"},\"inLanguage\":\"en-GB\",\"potentialAction\":[{\"@type\":\"ReadAction\",\"target\":[\"https:\\\/\\\/www.3colli.com\\\/privacy-policy\\\/\"]}]},{\"@type\":\"BreadcrumbList\",\"@id\":\"https:\\\/\\\/www.3colli.com\\\/privacy-policy\\\/#breadcrumb\",\"itemListElement\":[{\"@type\":\"ListItem\",\"position\":1,\"name\":\"Home\",\"item\":\"https:\\\/\\\/www.3colli.com\\\/\"},{\"@type\":\"ListItem\",\"position\":2,\"name\":\"Privacy Policy\"}]},{\"@type\":\"WebSite\",\"@id\":\"https:\\\/\\\/www.3colli.com\\\/#website\",\"url\":\"https:\\\/\\\/www.3colli.com\\\/\",\"name\":\"Impresa Tre Colli S.p.A.\",\"description\":\"Oltre 50 anni di esperienza al Vostro servizio\",\"publisher\":{\"@id\":\"https:\\\/\\\/www.3colli.com\\\/#organization\"},\"potentialAction\":[{\"@type\":\"SearchAction\",\"target\":{\"@type\":\"EntryPoint\",\"urlTemplate\":\"https:\\\/\\\/www.3colli.com\\\/?s={search_term_string}\"},\"query-input\":{\"@type\":\"PropertyValueSpecification\",\"valueRequired\":true,\"valueName\":\"search_term_string\"}}],\"inLanguage\":\"en-GB\"},{\"@type\":\"Organization\",\"@id\":\"https:\\\/\\\/www.3colli.com\\\/#organization\",\"name\":\"Impresa Tre Colli S.p.A.\",\"url\":\"https:\\\/\\\/www.3colli.com\\\/\",\"logo\":{\"@type\":\"ImageObject\",\"inLanguage\":\"en-GB\",\"@id\":\"https:\\\/\\\/www.3colli.com\\\/#\\\/schema\\\/logo\\\/image\\\/\",\"url\":\"https:\\\/\\\/www.3colli.com\\\/wp-content\\\/uploads\\\/2022\\\/09\\\/cropped-Logo_Trasparente-1.png\",\"contentUrl\":\"https:\\\/\\\/www.3colli.com\\\/wp-content\\\/uploads\\\/2022\\\/09\\\/cropped-Logo_Trasparente-1.png\",\"width\":5906,\"height\":2953,\"caption\":\"Impresa Tre Colli S.p.A.\"},\"image\":{\"@id\":\"https:\\\/\\\/www.3colli.com\\\/#\\\/schema\\\/logo\\\/image\\\/\"},\"sameAs\":[\"https:\\\/\\\/www.linkedin.com\\\/company\\\/impresa-tre-colli-s-p-a\"]}]}<\/script>\r\n<!-- \/ Yoast SEO plugin. -->","yoast_head_json":{"title":"Privacy Policy - Impresa Tre Colli S.p.A.","robots":{"index":"index","follow":"follow","max-snippet":"max-snippet:-1","max-image-preview":"max-image-preview:large","max-video-preview":"max-video-preview:-1"},"canonical":"https:\/\/www.3colli.com\/en\/privacy-policy\/","og_locale":"en_GB","og_type":"article","og_title":"Privacy Policy - Impresa Tre Colli S.p.A.","og_description":"Titolare del trattamento \u00e8&nbsp;Impresa Tre Colli S.p.A.,&nbsp;P.Iva: 00166640342 . L\u2019utente del sito potr\u00e0 esercitare i diritti di cui all\u2019art.7 (accesso, correzione, cancellazione, opposizione al trattamento, &hellip;","og_url":"https:\/\/www.3colli.com\/en\/privacy-policy\/","og_site_name":"Impresa Tre Colli S.p.A.","article_modified_time":"2022-11-02T16:48:18+00:00","twitter_card":"summary_large_image","twitter_misc":{"Estimated reading time":"2 minutes"},"schema":{"@context":"https:\/\/schema.org","@graph":[{"@type":"WebPage","@id":"https:\/\/www.3colli.com\/privacy-policy\/","url":"https:\/\/www.3colli.com\/privacy-policy\/","name":"Privacy Policy - Impresa Tre Colli S.p.A.","isPartOf":{"@id":"https:\/\/www.3colli.com\/#website"},"datePublished":"2022-09-07T04:43:28+00:00","dateModified":"2022-11-02T16:48:18+00:00","breadcrumb":{"@id":"https:\/\/www.3colli.com\/privacy-policy\/#breadcrumb"},"inLanguage":"en-GB","potentialAction":[{"@type":"ReadAction","target":["https:\/\/www.3colli.com\/privacy-policy\/"]}]},{"@type":"BreadcrumbList","@id":"https:\/\/www.3colli.com\/privacy-policy\/#breadcrumb","itemListElement":[{"@type":"ListItem","position":1,"name":"Home","item":"https:\/\/www.3colli.com\/"},{"@type":"ListItem","position":2,"name":"Privacy Policy"}]},{"@type":"WebSite","@id":"https:\/\/www.3colli.com\/#website","url":"https:\/\/www.3colli.com\/","name":"Impresa Tre Colli S.p.A.","description":"Oltre 50 anni di esperienza al Vostro servizio","publisher":{"@id":"https:\/\/www.3colli.com\/#organization"},"potentialAction":[{"@type":"SearchAction","target":{"@type":"EntryPoint","urlTemplate":"https:\/\/www.3colli.com\/?s={search_term_string}"},"query-input":{"@type":"PropertyValueSpecification","valueRequired":true,"valueName":"search_term_string"}}],"inLanguage":"en-GB"},{"@type":"Organization","@id":"https:\/\/www.3colli.com\/#organization","name":"Impresa Tre Colli S.p.A.","url":"https:\/\/www.3colli.com\/","logo":{"@type":"ImageObject","inLanguage":"en-GB","@id":"https:\/\/www.3colli.com\/#\/schema\/logo\/image\/","url":"https:\/\/www.3colli.com\/wp-content\/uploads\/2022\/09\/cropped-Logo_Trasparente-1.png","contentUrl":"https:\/\/www.3colli.com\/wp-content\/uploads\/2022\/09\/cropped-Logo_Trasparente-1.png","width":5906,"height":2953,"caption":"Impresa Tre Colli S.p.A."},"image":{"@id":"https:\/\/www.3colli.com\/#\/schema\/logo\/image\/"},"sameAs":["https:\/\/www.linkedin.com\/company\/impresa-tre-colli-s-p-a"]}]}},"_links":{"self":[{"href":"https:\/\/www.3colli.com\/en\/wp-json\/wp\/v2\/pages\/3","targetHints":{"allow":["GET"]}}],"collection":[{"href":"https:\/\/www.3colli.com\/en\/wp-json\/wp\/v2\/pages"}],"about":[{"href":"https:\/\/www.3colli.com\/en\/wp-json\/wp\/v2\/types\/page"}],"author":[{"embeddable":true,"href":"https:\/\/www.3colli.com\/en\/wp-json\/wp\/v2\/users\/1"}],"replies":[{"embeddable":true,"href":"https:\/\/www.3colli.com\/en\/wp-json\/wp\/v2\/comments?post=3"}],"version-history":[{"count":2,"href":"https:\/\/www.3colli.com\/en\/wp-json\/wp\/v2\/pages\/3\/revisions"}],"predecessor-version":[{"id":368,"href":"https:\/\/www.3colli.com\/en\/wp-json\/wp\/v2\/pages\/3\/revisions\/368"}],"wp:attachment":[{"href":"https:\/\/www.3colli.com\/en\/wp-json\/wp\/v2\/media?parent=3"}],"curies":[{"name":"wp","href":"https:\/\/api.w.org\/{rel}","templated":true}]}}